{"id":177,"date":"2025-03-04T20:09:00","date_gmt":"2025-03-04T19:09:00","guid":{"rendered":"https:\/\/oriabizi.eus\/?page_id=177"},"modified":"2025-03-20T18:44:36","modified_gmt":"2025-03-20T17:44:36","slug":"oria-bizi","status":"publish","type":"page","link":"https:\/\/oriabizi.eus\/fr\/oria-bizi\/","title":{"rendered":"Oria Bizi"},"content":{"rendered":"<div data-elementor-type=\"wp-page\" data-elementor-id=\"177\" class=\"elementor elementor-177\" data-elementor-post-type=\"page\">\n\t\t\t\t\t\t<section class=\"elementor-section elementor-top-section elementor-element elementor-element-5d75e58e elementor-section-boxed elementor-section-height-default elementor-section-height-default\" data-id=\"5d75e58e\" data-element_type=\"section\" data-settings=\"{&quot;background_background&quot;:&quot;classic&quot;}\">\n\t\t\t\t\t\t\t<div class=\"elementor-background-overlay\"><\/div>\n\t\t\t\t\t\t\t<div class=\"elementor-container elementor-column-gap-no\">\n\t\t\t\t\t<div class=\"elementor-column elementor-col-100 elementor-top-column elementor-element elementor-element-f2e8ae\" data-id=\"f2e8ae\" data-element_type=\"column\">\n\t\t\t<div class=\"elementor-widget-wrap elementor-element-populated\">\n\t\t\t\t\t\t<div class=\"elementor-element elementor-element-7ab759a2 elementor-invisible elementor-widget elementor-widget-heading\" data-id=\"7ab759a2\" data-element_type=\"widget\" data-settings=\"{&quot;_animation&quot;:&quot;fadeIn&quot;,&quot;_animation_delay&quot;:350}\" data-widget_type=\"heading.default\">\n\t\t\t\t<div class=\"elementor-widget-container\">\n\t\t\t\t\t<h2 class=\"elementor-heading-title elementor-size-default\">\u00c0 propos de nous<\/h2>\t\t\t\t<\/div>\n\t\t\t\t<\/div>\n\t\t\t\t<div class=\"elementor-element elementor-element-1bccbcd2 elementor-invisible elementor-widget elementor-widget-text-editor\" data-id=\"1bccbcd2\" data-element_type=\"widget\" data-settings=\"{&quot;_animation&quot;:&quot;fadeIn&quot;,&quot;_animation_delay&quot;:400}\" data-widget_type=\"text-editor.default\">\n\t\t\t\t<div class=\"elementor-widget-container\">\n\t\t\t\t\t\t\t\t\t<p><span style=\"font-weight: 400;\">Notre objectif est de promouvoir le bien-\u00eatre et le d\u00e9veloppement personnel des citoyens a travers des activit\u00e9s sportives non comp\u00e9titives.<\/span><\/p>\t\t\t\t\t\t\t\t<\/div>\n\t\t\t\t<\/div>\n\t\t\t\t\t<\/div>\n\t\t<\/div>\n\t\t\t\t\t<\/div>\n\t\t<\/section>\n\t\t\t\t<section class=\"elementor-section elementor-top-section elementor-element elementor-element-a2c7e7b elementor-section-boxed elementor-section-height-default elementor-section-height-default\" data-id=\"a2c7e7b\" data-element_type=\"section\">\n\t\t\t\t\t\t<div class=\"elementor-container elementor-column-gap-no\">\n\t\t\t\t\t<div class=\"elementor-column elementor-col-50 elementor-top-column elementor-element elementor-element-1507e27e\" data-id=\"1507e27e\" data-element_type=\"column\">\n\t\t\t<div class=\"elementor-widget-wrap elementor-element-populated\">\n\t\t\t\t\t\t<div class=\"elementor-element elementor-element-1cf245b9 elementor-invisible elementor-widget elementor-widget-heading\" data-id=\"1cf245b9\" data-element_type=\"widget\" data-settings=\"{&quot;_animation&quot;:&quot;fadeInLeft&quot;,&quot;_animation_delay&quot;:350}\" data-widget_type=\"heading.default\">\n\t\t\t\t<div class=\"elementor-widget-container\">\n\t\t\t\t\t<h2 class=\"elementor-heading-title elementor-size-default\">Oria Bizi<\/h2>\t\t\t\t<\/div>\n\t\t\t\t<\/div>\n\t\t\t\t<div class=\"elementor-element elementor-element-4e55a73c elementor-invisible elementor-widget elementor-widget-text-editor\" data-id=\"4e55a73c\" data-element_type=\"widget\" data-settings=\"{&quot;_animation&quot;:&quot;fadeInLeft&quot;,&quot;_animation_delay&quot;:400}\" data-widget_type=\"text-editor.default\">\n\t\t\t\t<div class=\"elementor-widget-container\">\n\t\t\t\t\t\t\t\t\t<p><span style=\"font-weight: 400;\">Oria Bizi Ongizate Elkartea est une association qui vise \u00e0 promouvoir le bien-\u00eatre et developpement personnel des citoyens \u00e0 travers des activit\u00e9s sportives non comp\u00e9titives. L'aviron sera la principale pratique sportive. Son objectif est de travailler sur la sant\u00e9 physique, mentale et sociale et de promouvoir l'activation et le bien-\u00eatre des citoyens, par le sport et la participation communautaire.<\/span><\/p><p><span style=\"font-weight: 400;\">Autres objectifs : Faire conna\u00eetre le patrimoine naturel de la rivi\u00e8re, encourager l'usage de l'euskara, promouvoir les relations d' \u00e9galitaire, la collaboration et le travail en commun.<\/span><\/p>\t\t\t\t\t\t\t\t<\/div>\n\t\t\t\t<\/div>\n\t\t\t\t\t<\/div>\n\t\t<\/div>\n\t\t\t\t<div class=\"elementor-column elementor-col-50 elementor-top-column elementor-element elementor-element-3092628f\" data-id=\"3092628f\" data-element_type=\"column\">\n\t\t\t<div class=\"elementor-widget-wrap elementor-element-populated\">\n\t\t\t\t\t\t<section class=\"elementor-section elementor-inner-section elementor-element elementor-element-29fa0812 elementor-section-boxed elementor-section-height-default elementor-section-height-default\" data-id=\"29fa0812\" data-element_type=\"section\">\n\t\t\t\t\t\t<div class=\"elementor-container elementor-column-gap-no\">\n\t\t\t\t\t<div class=\"elementor-column elementor-col-100 elementor-inner-column elementor-element elementor-element-7799ed2f\" data-id=\"7799ed2f\" data-element_type=\"column\">\n\t\t\t<div class=\"elementor-widget-wrap elementor-element-populated\">\n\t\t\t\t\t\t<div class=\"elementor-element elementor-element-b792dc2 elementor-invisible elementor-widget elementor-widget-image\" data-id=\"b792dc2\" data-element_type=\"widget\" data-settings=\"{&quot;_animation&quot;:&quot;fadeInRight&quot;,&quot;_animation_delay&quot;:450}\" data-widget_type=\"image.default\">\n\t\t\t\t<div class=\"elementor-widget-container\">\n\t\t\t\t\t\t\t\t\t\t\t\t\t\t\t<img decoding=\"async\" width=\"299\" height=\"166\" src=\"https:\/\/oriabizi.eus\/wp-content\/uploads\/2025\/03\/Group-1000001921.svg\" class=\"attachment-full size-full wp-image-186\" alt=\"\" \/>\t\t\t\t\t\t\t\t\t\t\t\t\t\t\t<\/div>\n\t\t\t\t<\/div>\n\t\t\t\t\t<\/div>\n\t\t<\/div>\n\t\t\t\t\t<\/div>\n\t\t<\/section>\n\t\t\t\t\t<\/div>\n\t\t<\/div>\n\t\t\t\t\t<\/div>\n\t\t<\/section>\n\t\t\t\t<section class=\"elementor-section elementor-top-section elementor-element elementor-element-2ad04a9b elementor-section-boxed elementor-section-height-default elementor-section-height-default\" data-id=\"2ad04a9b\" data-element_type=\"section\" data-settings=\"{&quot;background_background&quot;:&quot;classic&quot;}\">\n\t\t\t\t\t\t<div class=\"elementor-container elementor-column-gap-no\">\n\t\t\t\t\t<div class=\"elementor-column elementor-col-100 elementor-top-column elementor-element elementor-element-7a90cbf1\" data-id=\"7a90cbf1\" data-element_type=\"column\" data-settings=\"{&quot;background_background&quot;:&quot;classic&quot;}\">\n\t\t\t<div class=\"elementor-widget-wrap elementor-element-populated\">\n\t\t\t\t\t\t<section class=\"elementor-section elementor-inner-section elementor-element elementor-element-1dbecf8 elementor-section-boxed elementor-section-height-default elementor-section-height-default\" data-id=\"1dbecf8\" data-element_type=\"section\">\n\t\t\t\t\t\t<div class=\"elementor-container elementor-column-gap-no\">\n\t\t\t\t\t<div class=\"elementor-column elementor-col-100 elementor-inner-column elementor-element elementor-element-54aa4d1f\" data-id=\"54aa4d1f\" data-element_type=\"column\">\n\t\t\t<div class=\"elementor-widget-wrap elementor-element-populated\">\n\t\t\t\t\t\t<div class=\"elementor-element elementor-element-4e1a33be elementor-widget elementor-widget-spacer\" data-id=\"4e1a33be\" data-element_type=\"widget\" data-widget_type=\"spacer.default\">\n\t\t\t\t<div class=\"elementor-widget-container\">\n\t\t\t\t\t\t\t<div class=\"elementor-spacer\">\n\t\t\t<div class=\"elementor-spacer-inner\"><\/div>\n\t\t<\/div>\n\t\t\t\t\t\t<\/div>\n\t\t\t\t<\/div>\n\t\t\t\t\t<\/div>\n\t\t<\/div>\n\t\t\t\t\t<\/div>\n\t\t<\/section>\n\t\t\t\t\t<\/div>\n\t\t<\/div>\n\t\t\t\t\t<\/div>\n\t\t<\/section>\n\t\t<div class=\"elementor-element elementor-element-f3d5dca e-flex e-con-boxed e-con e-parent\" data-id=\"f3d5dca\" data-element_type=\"container\" data-settings=\"{&quot;background_background&quot;:&quot;classic&quot;}\">\n\t\t\t\t\t<div class=\"e-con-inner\">\n\t\t<div class=\"elementor-element elementor-element-a8389d9 e-con-full column-class e-flex e-con e-child\" data-id=\"a8389d9\" data-element_type=\"container\" data-settings=\"{&quot;background_background&quot;:&quot;classic&quot;}\">\n\t\t<div class=\"elementor-element elementor-element-5426d8b e-con-full e-flex e-con e-child\" data-id=\"5426d8b\" data-element_type=\"container\" data-settings=\"{&quot;background_background&quot;:&quot;classic&quot;}\">\n\t\t<div class=\"elementor-element elementor-element-fac5d7f e-con-full e-flex e-con e-child\" data-id=\"fac5d7f\" data-element_type=\"container\" data-settings=\"{&quot;background_background&quot;:&quot;classic&quot;}\">\n\t\t\t\t<div class=\"elementor-element elementor-element-8a3fe4c elementor-invisible elementor-widget elementor-widget-heading\" data-id=\"8a3fe4c\" data-element_type=\"widget\" data-settings=\"{&quot;_animation&quot;:&quot;slideInDown&quot;,&quot;_animation_delay&quot;:350}\" data-widget_type=\"heading.default\">\n\t\t\t\t<div class=\"elementor-widget-container\">\n\t\t\t\t\t<h2 class=\"elementor-heading-title elementor-size-default\">Vie active<\/h2>\t\t\t\t<\/div>\n\t\t\t\t<\/div>\n\t\t\t\t<div class=\"elementor-element elementor-element-0b7a75a elementor-invisible elementor-widget elementor-widget-text-editor\" data-id=\"0b7a75a\" data-element_type=\"widget\" data-settings=\"{&quot;_animation&quot;:&quot;slideInDown&quot;}\" data-widget_type=\"text-editor.default\">\n\t\t\t\t<div class=\"elementor-widget-container\">\n\t\t\t\t\t\t\t\t\t<p>Adapt\u00e9 aux capacit\u00e9s et aux besoins de chacun.<\/p>\t\t\t\t\t\t\t\t<\/div>\n\t\t\t\t<\/div>\n\t\t\t\t<\/div>\n\t\t\t\t<\/div>\n\t\t<div class=\"elementor-element elementor-element-778e6a5 e-con-full e-flex e-con e-child\" data-id=\"778e6a5\" data-element_type=\"container\" data-settings=\"{&quot;background_background&quot;:&quot;classic&quot;}\">\n\t\t<div class=\"elementor-element elementor-element-4bc63cb e-con-full e-flex e-con e-child\" data-id=\"4bc63cb\" data-element_type=\"container\" data-settings=\"{&quot;background_background&quot;:&quot;classic&quot;}\">\n\t\t\t\t<div class=\"elementor-element elementor-element-2b66480 elementor-invisible elementor-widget elementor-widget-heading\" data-id=\"2b66480\" data-element_type=\"widget\" data-settings=\"{&quot;_animation&quot;:&quot;slideInDown&quot;,&quot;_animation_delay&quot;:450}\" data-widget_type=\"heading.default\">\n\t\t\t\t<div class=\"elementor-widget-container\">\n\t\t\t\t\t<h2 class=\"elementor-heading-title elementor-size-default\">Nature et Patrimoine<\/h2>\t\t\t\t<\/div>\n\t\t\t\t<\/div>\n\t\t\t\t<div class=\"elementor-element elementor-element-812b65c elementor-invisible elementor-widget elementor-widget-text-editor\" data-id=\"812b65c\" data-element_type=\"widget\" data-settings=\"{&quot;_animation&quot;:&quot;slideInDown&quot;,&quot;_animation_delay&quot;:500}\" data-widget_type=\"text-editor.default\">\n\t\t\t\t<div class=\"elementor-widget-container\">\n\t\t\t\t\t\t\t\t\t<p>Vivre la nature comme source de bien-\u00eatre de mani\u00e8re durable.<\/p>\t\t\t\t\t\t\t\t<\/div>\n\t\t\t\t<\/div>\n\t\t\t\t<\/div>\n\t\t\t\t<\/div>\n\t\t<div class=\"elementor-element elementor-element-2f3ff9b e-con-full e-flex e-con e-child\" data-id=\"2f3ff9b\" data-element_type=\"container\" data-settings=\"{&quot;background_background&quot;:&quot;classic&quot;}\">\n\t\t<div class=\"elementor-element elementor-element-f5733dd e-con-full e-flex e-con e-child\" data-id=\"f5733dd\" data-element_type=\"container\" data-settings=\"{&quot;background_background&quot;:&quot;classic&quot;}\">\n\t\t\t\t<div class=\"elementor-element elementor-element-fe649f2 elementor-invisible elementor-widget elementor-widget-heading\" data-id=\"fe649f2\" data-element_type=\"widget\" data-settings=\"{&quot;_animation&quot;:&quot;slideInDown&quot;,&quot;_animation_delay&quot;:550}\" data-widget_type=\"heading.default\">\n\t\t\t\t<div class=\"elementor-widget-container\">\n\t\t\t\t\t<h2 class=\"elementor-heading-title elementor-size-default\">Relations humaines<\/h2>\t\t\t\t<\/div>\n\t\t\t\t<\/div>\n\t\t\t\t<div class=\"elementor-element elementor-element-6c7a66c elementor-invisible elementor-widget elementor-widget-text-editor\" data-id=\"6c7a66c\" data-element_type=\"widget\" data-settings=\"{&quot;_animation&quot;:&quot;slideInDown&quot;,&quot;_animation_delay&quot;:600}\" data-widget_type=\"text-editor.default\">\n\t\t\t\t<div class=\"elementor-widget-container\">\n\t\t\t\t\t\t\t\t\t<p><span style=\"font-weight: 400;\">Promouvoir la pratique sportive en groupe en tenant compte de l'importance des relations sociales dans notre bien-\u00eatre.<\/span><\/p>\t\t\t\t\t\t\t\t<\/div>\n\t\t\t\t<\/div>\n\t\t\t\t<\/div>\n\t\t\t\t<\/div>\n\t\t\t\t<\/div>\n\t\t\t\t\t<\/div>\n\t\t\t\t<\/div>\n\t\t<div class=\"elementor-element elementor-element-670ec97 e-flex e-con-boxed e-con e-parent\" data-id=\"670ec97\" data-element_type=\"container\">\n\t\t\t\t\t<div class=\"e-con-inner\">\n\t\t<div class=\"elementor-element elementor-element-e0d9aa8 e-flex e-con-boxed e-con e-child\" data-id=\"e0d9aa8\" data-element_type=\"container\" data-settings=\"{&quot;background_background&quot;:&quot;classic&quot;}\">\n\t\t\t\t\t<div class=\"e-con-inner\">\n\t\t<div class=\"elementor-element elementor-element-acfa732 e-con-full e-flex e-con e-child\" data-id=\"acfa732\" data-element_type=\"container\">\n\t\t\t\t<div class=\"elementor-element elementor-element-c67c7af elementor-invisible elementor-widget elementor-widget-heading\" data-id=\"c67c7af\" data-element_type=\"widget\" data-settings=\"{&quot;_animation&quot;:&quot;fadeIn&quot;,&quot;_animation_delay&quot;:350}\" data-widget_type=\"heading.default\">\n\t\t\t\t<div class=\"elementor-widget-container\">\n\t\t\t\t\t<h2 class=\"elementor-heading-title elementor-size-default\">Contactez-nous<\/h2>\t\t\t\t<\/div>\n\t\t\t\t<\/div>\n\t\t\t\t<div class=\"elementor-element elementor-element-abb09f9 elementor-invisible elementor-widget elementor-widget-text-editor\" data-id=\"abb09f9\" data-element_type=\"widget\" data-settings=\"{&quot;_animation&quot;:&quot;fadeIn&quot;,&quot;_animation_delay&quot;:400}\" data-widget_type=\"text-editor.default\">\n\t\t\t\t<div class=\"elementor-widget-container\">\n\t\t\t\t\t\t\t\t\t<p>Si vous avez des questions, des suggestions ou<br \/>souhaitez participer, n'h\u00e9sitez pas \u00e0 nous contacter.<\/p>\t\t\t\t\t\t\t\t<\/div>\n\t\t\t\t<\/div>\n\t\t\t\t<\/div>\n\t\t<div class=\"elementor-element elementor-element-1ba5ac7 e-con-full e-flex e-con e-child\" data-id=\"1ba5ac7\" data-element_type=\"container\">\n\t\t\t\t<div class=\"elementor-element elementor-element-138f927 elementor-align-center elementor-invisible elementor-widget elementor-widget-button\" data-id=\"138f927\" data-element_type=\"widget\" data-settings=\"{&quot;_animation&quot;:&quot;fadeIn&quot;,&quot;_animation_delay&quot;:450}\" data-widget_type=\"button.default\">\n\t\t\t\t<div class=\"elementor-widget-container\">\n\t\t\t\t\t\t\t\t\t<div class=\"elementor-button-wrapper\">\n\t\t\t\t\t<a class=\"elementor-button elementor-button-link elementor-size-sm\" href=\"https:\/\/oriabizi.eus\/fr\/kontaktua\/\">\n\t\t\t\t\t\t<span class=\"elementor-button-content-wrapper\">\n\t\t\t\t\t\t<span class=\"elementor-button-icon\">\n\t\t\t\t<svg aria-hidden=\"true\" class=\"e-font-icon-svg e-far-paper-plane\" viewbox=\"0 0 512 512\" xmlns=\"http:\/\/www.w3.org\/2000\/svg\"><path d=\"M440 6.5L24 246.4c-34.4 19.9-31.1 70.8 5.7 85.9L144 379.6V464c0 46.4 59.2 65.5 86.6 28.6l43.8-59.1 111.9 46.2c5.9 2.4 12.1 3.6 18.3 3.6 8.2 0 16.3-2.1 23.6-6.2 12.8-7.2 21.6-20 23.9-34.5l59.4-387.2c6.1-40.1-36.9-68.8-71.5-48.9zM192 464v-64.6l36.6 15.1L192 464zm212.6-28.7l-153.8-63.5L391 169.5c10.7-15.5-9.5-33.5-23.7-21.2L155.8 332.6 48 288 464 48l-59.4 387.3z\"><\/path><\/svg>\t\t\t<\/span>\n\t\t\t\t\t\t\t\t\t<span class=\"elementor-button-text\">Contact<\/span>\n\t\t\t\t\t<\/span>\n\t\t\t\t\t<\/a>\n\t\t\t\t<\/div>\n\t\t\t\t\t\t\t\t<\/div>\n\t\t\t\t<\/div>\n\t\t\t\t<\/div>\n\t\t\t\t\t<\/div>\n\t\t\t\t<\/div>\n\t\t\t\t\t<\/div>\n\t\t\t\t<\/div>\n\t\t\t\t<\/div>","protected":false},"excerpt":{"rendered":"<p>Nor gara Herritarren ongizatea eta garapen pertsonala kirol jarduera ez lehiakorraren bidez sustatzea helburua duen elkartea. Oria Bizi Oria Bizi Ongizate Elkartea herritarren ongizatea eta garapen pertsonala sustatzeko helburua duen elkarte bat da, kirol jarduera ez lehiakorren bidez. Arrauna izango da jardunbide nagusia. Osasun fisikoa, mental eta soziala lantzea du helburu, eta herritarren aktibazioa eta [&hellip;]<\/p>","protected":false},"author":2,"featured_media":0,"parent":0,"menu_order":0,"comment_status":"closed","ping_status":"closed","template":"elementor_header_footer","meta":{"footnotes":""},"class_list":["post-177","page","type-page","status-publish","hentry"],"yoast_head":"<!-- This site is optimized with the Yoast SEO plugin v24.9 - https:\/\/yoast.com\/wordpress\/plugins\/seo\/ -->\n<title>Oria Bizi - Oriabizi<\/title>\n<meta name=\"robots\" content=\"index, follow, max-snippet:-1, max-image-preview:large, max-video-preview:-1\" \/>\n<link rel=\"canonical\" href=\"https:\/\/oriabizi.eus\/fr\/oria-bizi\/\" \/>\n<meta property=\"og:locale\" content=\"fr_FR\" \/>\n<meta property=\"og:type\" content=\"article\" \/>\n<meta property=\"og:title\" content=\"Oria Bizi - Oriabizi\" \/>\n<meta property=\"og:description\" content=\"Nor gara Herritarren ongizatea eta garapen pertsonala kirol jarduera ez lehiakorraren bidez sustatzea helburua duen elkartea. Oria Bizi Oria Bizi Ongizate Elkartea herritarren ongizatea eta garapen pertsonala sustatzeko helburua duen elkarte bat da, kirol jarduera ez lehiakorren bidez. Arrauna izango da jardunbide nagusia. Osasun fisikoa, mental eta soziala lantzea du helburu, eta herritarren aktibazioa eta [&hellip;]\" \/>\n<meta property=\"og:url\" content=\"https:\/\/oriabizi.eus\/fr\/oria-bizi\/\" \/>\n<meta property=\"og:site_name\" content=\"Oriabizi\" \/>\n<meta property=\"article:modified_time\" content=\"2025-03-20T17:44:36+00:00\" \/>\n<meta name=\"twitter:card\" content=\"summary_large_image\" \/>\n<meta name=\"twitter:label1\" content=\"Dur\u00e9e de lecture estim\u00e9e\" \/>\n\t<meta name=\"twitter:data1\" content=\"1 minute\" \/>\n<script type=\"application\/ld+json\" class=\"yoast-schema-graph\">{\"@context\":\"https:\/\/schema.org\",\"@graph\":[{\"@type\":\"WebPage\",\"@id\":\"https:\/\/oriabizi.eus\/oria-bizi\/\",\"url\":\"https:\/\/oriabizi.eus\/oria-bizi\/\",\"name\":\"Oria Bizi - Oriabizi\",\"isPartOf\":{\"@id\":\"https:\/\/oriabizi.eus\/#website\"},\"primaryImageOfPage\":{\"@id\":\"https:\/\/oriabizi.eus\/oria-bizi\/#primaryimage\"},\"image\":{\"@id\":\"https:\/\/oriabizi.eus\/oria-bizi\/#primaryimage\"},\"thumbnailUrl\":\"https:\/\/oriabizi.eus\/wp-content\/uploads\/2025\/03\/Group-1000001921.svg\",\"datePublished\":\"2025-03-04T19:09:00+00:00\",\"dateModified\":\"2025-03-20T17:44:36+00:00\",\"breadcrumb\":{\"@id\":\"https:\/\/oriabizi.eus\/oria-bizi\/#breadcrumb\"},\"inLanguage\":\"fr-FR\",\"potentialAction\":[{\"@type\":\"ReadAction\",\"target\":[\"https:\/\/oriabizi.eus\/oria-bizi\/\"]}]},{\"@type\":\"ImageObject\",\"inLanguage\":\"fr-FR\",\"@id\":\"https:\/\/oriabizi.eus\/oria-bizi\/#primaryimage\",\"url\":\"https:\/\/oriabizi.eus\/wp-content\/uploads\/2025\/03\/Group-1000001921.svg\",\"contentUrl\":\"https:\/\/oriabizi.eus\/wp-content\/uploads\/2025\/03\/Group-1000001921.svg\"},{\"@type\":\"BreadcrumbList\",\"@id\":\"https:\/\/oriabizi.eus\/oria-bizi\/#breadcrumb\",\"itemListElement\":[{\"@type\":\"ListItem\",\"position\":1,\"name\":\"Portada\",\"item\":\"https:\/\/oriabizi.eus\/\"},{\"@type\":\"ListItem\",\"position\":2,\"name\":\"Oria Bizi\"}]},{\"@type\":\"WebSite\",\"@id\":\"https:\/\/oriabizi.eus\/#website\",\"url\":\"https:\/\/oriabizi.eus\/\",\"name\":\"Oriabizi\",\"description\":\"\",\"publisher\":{\"@id\":\"https:\/\/oriabizi.eus\/#organization\"},\"potentialAction\":[{\"@type\":\"SearchAction\",\"target\":{\"@type\":\"EntryPoint\",\"urlTemplate\":\"https:\/\/oriabizi.eus\/?s={search_term_string}\"},\"query-input\":{\"@type\":\"PropertyValueSpecification\",\"valueRequired\":true,\"valueName\":\"search_term_string\"}}],\"inLanguage\":\"fr-FR\"},{\"@type\":\"Organization\",\"@id\":\"https:\/\/oriabizi.eus\/#organization\",\"name\":\"Oriabizi\",\"url\":\"https:\/\/oriabizi.eus\/\",\"logo\":{\"@type\":\"ImageObject\",\"inLanguage\":\"fr-FR\",\"@id\":\"https:\/\/oriabizi.eus\/#\/schema\/logo\/image\/\",\"url\":\"https:\/\/oriabizi.eus\/wp-content\/uploads\/2025\/03\/Capa_1.svg\",\"contentUrl\":\"https:\/\/oriabizi.eus\/wp-content\/uploads\/2025\/03\/Capa_1.svg\",\"width\":167,\"height\":35,\"caption\":\"Oriabizi\"},\"image\":{\"@id\":\"https:\/\/oriabizi.eus\/#\/schema\/logo\/image\/\"}}]}<\/script>\n<!-- \/ Yoast SEO plugin. -->","yoast_head_json":{"title":"Oria Bizi - Oriabizi","robots":{"index":"index","follow":"follow","max-snippet":"max-snippet:-1","max-image-preview":"max-image-preview:large","max-video-preview":"max-video-preview:-1"},"canonical":"https:\/\/oriabizi.eus\/fr\/oria-bizi\/","og_locale":"fr_FR","og_type":"article","og_title":"Oria Bizi - Oriabizi","og_description":"Nor gara Herritarren ongizatea eta garapen pertsonala kirol jarduera ez lehiakorraren bidez sustatzea helburua duen elkartea. Oria Bizi Oria Bizi Ongizate Elkartea herritarren ongizatea eta garapen pertsonala sustatzeko helburua duen elkarte bat da, kirol jarduera ez lehiakorren bidez. Arrauna izango da jardunbide nagusia. Osasun fisikoa, mental eta soziala lantzea du helburu, eta herritarren aktibazioa eta [&hellip;]","og_url":"https:\/\/oriabizi.eus\/fr\/oria-bizi\/","og_site_name":"Oriabizi","article_modified_time":"2025-03-20T17:44:36+00:00","twitter_card":"summary_large_image","twitter_misc":{"Dur\u00e9e de lecture estim\u00e9e":"1 minute"},"schema":{"@context":"https:\/\/schema.org","@graph":[{"@type":"WebPage","@id":"https:\/\/oriabizi.eus\/oria-bizi\/","url":"https:\/\/oriabizi.eus\/oria-bizi\/","name":"Oria Bizi - Oriabizi","isPartOf":{"@id":"https:\/\/oriabizi.eus\/#website"},"primaryImageOfPage":{"@id":"https:\/\/oriabizi.eus\/oria-bizi\/#primaryimage"},"image":{"@id":"https:\/\/oriabizi.eus\/oria-bizi\/#primaryimage"},"thumbnailUrl":"https:\/\/oriabizi.eus\/wp-content\/uploads\/2025\/03\/Group-1000001921.svg","datePublished":"2025-03-04T19:09:00+00:00","dateModified":"2025-03-20T17:44:36+00:00","breadcrumb":{"@id":"https:\/\/oriabizi.eus\/oria-bizi\/#breadcrumb"},"inLanguage":"fr-FR","potentialAction":[{"@type":"ReadAction","target":["https:\/\/oriabizi.eus\/oria-bizi\/"]}]},{"@type":"ImageObject","inLanguage":"fr-FR","@id":"https:\/\/oriabizi.eus\/oria-bizi\/#primaryimage","url":"https:\/\/oriabizi.eus\/wp-content\/uploads\/2025\/03\/Group-1000001921.svg","contentUrl":"https:\/\/oriabizi.eus\/wp-content\/uploads\/2025\/03\/Group-1000001921.svg"},{"@type":"BreadcrumbList","@id":"https:\/\/oriabizi.eus\/oria-bizi\/#breadcrumb","itemListElement":[{"@type":"ListItem","position":1,"name":"Portada","item":"https:\/\/oriabizi.eus\/"},{"@type":"ListItem","position":2,"name":"Oria Bizi"}]},{"@type":"WebSite","@id":"https:\/\/oriabizi.eus\/#website","url":"https:\/\/oriabizi.eus\/","name":"Oriabizi","description":"","publisher":{"@id":"https:\/\/oriabizi.eus\/#organization"},"potentialAction":[{"@type":"SearchAction","target":{"@type":"EntryPoint","urlTemplate":"https:\/\/oriabizi.eus\/?s={search_term_string}"},"query-input":{"@type":"PropertyValueSpecification","valueRequired":true,"valueName":"search_term_string"}}],"inLanguage":"fr-FR"},{"@type":"Organization","@id":"https:\/\/oriabizi.eus\/#organization","name":"Oriabizi","url":"https:\/\/oriabizi.eus\/","logo":{"@type":"ImageObject","inLanguage":"fr-FR","@id":"https:\/\/oriabizi.eus\/#\/schema\/logo\/image\/","url":"https:\/\/oriabizi.eus\/wp-content\/uploads\/2025\/03\/Capa_1.svg","contentUrl":"https:\/\/oriabizi.eus\/wp-content\/uploads\/2025\/03\/Capa_1.svg","width":167,"height":35,"caption":"Oriabizi"},"image":{"@id":"https:\/\/oriabizi.eus\/#\/schema\/logo\/image\/"}}]}},"_links":{"self":[{"href":"https:\/\/oriabizi.eus\/fr\/wp-json\/wp\/v2\/pages\/177","targetHints":{"allow":["GET"]}}],"collection":[{"href":"https:\/\/oriabizi.eus\/fr\/wp-json\/wp\/v2\/pages"}],"about":[{"href":"https:\/\/oriabizi.eus\/fr\/wp-json\/wp\/v2\/types\/page"}],"author":[{"embeddable":true,"href":"https:\/\/oriabizi.eus\/fr\/wp-json\/wp\/v2\/users\/2"}],"replies":[{"embeddable":true,"href":"https:\/\/oriabizi.eus\/fr\/wp-json\/wp\/v2\/comments?post=177"}],"version-history":[{"count":152,"href":"https:\/\/oriabizi.eus\/fr\/wp-json\/wp\/v2\/pages\/177\/revisions"}],"predecessor-version":[{"id":818,"href":"https:\/\/oriabizi.eus\/fr\/wp-json\/wp\/v2\/pages\/177\/revisions\/818"}],"wp:attachment":[{"href":"https:\/\/oriabizi.eus\/fr\/wp-json\/wp\/v2\/media?parent=177"}],"curies":[{"name":"wp","href":"https:\/\/api.w.org\/{rel}","templated":true}]}}