{"id":79,"date":"2025-03-04T18:50:17","date_gmt":"2025-03-04T17:50:17","guid":{"rendered":"https:\/\/oriabizi.eus\/?page_id=79"},"modified":"2025-04-21T20:55:02","modified_gmt":"2025-04-21T18:55:02","slug":"hasiera","status":"publish","type":"page","link":"https:\/\/oriabizi.eus\/fr\/","title":{"rendered":"Commencer"},"content":{"rendered":"<div data-elementor-type=\"wp-page\" data-elementor-id=\"79\" class=\"elementor elementor-79\" data-elementor-post-type=\"page\">\n\t\t\t\t\t\t<section class=\"elementor-section elementor-top-section elementor-element elementor-element-9fccd6f elementor-section-boxed elementor-section-height-default elementor-section-height-default\" data-id=\"9fccd6f\" data-element_type=\"section\" data-settings=\"{&quot;background_background&quot;:&quot;slideshow&quot;,&quot;background_slideshow_gallery&quot;:[{&quot;id&quot;:121,&quot;url&quot;:&quot;https:\\\/\\\/oriabizi.eus\\\/wp-content\\\/uploads\\\/2025\\\/03\\\/Rectangle-16.webp&quot;}],&quot;background_slideshow_ken_burns&quot;:&quot;yes&quot;,&quot;background_slideshow_loop&quot;:&quot;yes&quot;,&quot;background_slideshow_slide_duration&quot;:5000,&quot;background_slideshow_slide_transition&quot;:&quot;fade&quot;,&quot;background_slideshow_transition_duration&quot;:500,&quot;background_slideshow_ken_burns_zoom_direction&quot;:&quot;in&quot;}\">\n\t\t\t\t\t\t\t<div class=\"elementor-background-overlay\"><\/div>\n\t\t\t\t\t\t\t<div class=\"elementor-container elementor-column-gap-no\">\n\t\t\t\t\t<div class=\"elementor-column elementor-col-50 elementor-top-column elementor-element elementor-element-3eeeaa0f\" data-id=\"3eeeaa0f\" data-element_type=\"column\">\n\t\t\t<div class=\"elementor-widget-wrap elementor-element-populated\">\n\t\t\t\t\t\t<div class=\"elementor-element elementor-element-65c526fc elementor-invisible elementor-widget elementor-widget-heading\" data-id=\"65c526fc\" data-element_type=\"widget\" data-settings=\"{&quot;_animation&quot;:&quot;fadeIn&quot;,&quot;_animation_delay&quot;:350}\" data-widget_type=\"heading.default\">\n\t\t\t\t<div class=\"elementor-widget-container\">\n\t\t\t\t\t<h1 class=\"elementor-heading-title elementor-size-default\">Oria Bizi \nOngizate Elkartea<\/h1>\t\t\t\t<\/div>\n\t\t\t\t<\/div>\n\t\t\t\t<div class=\"elementor-element elementor-element-8032f0a elementor-invisible elementor-widget elementor-widget-text-editor\" data-id=\"8032f0a\" data-element_type=\"widget\" data-settings=\"{&quot;_animation&quot;:&quot;fadeIn&quot;,&quot;_animation_delay&quot;:400}\" data-widget_type=\"text-editor.default\">\n\t\t\t\t<div class=\"elementor-widget-container\">\n\t\t\t\t\t\t\t\t\t<p><span style=\"font-weight: 400;\">L'objective est de promouvoir le bien-\u00eatre et le d\u00e9veloppement personnel de citoyens a travers des activit\u00e9s sportives non comp\u00e9titives.<\/span><\/p>\t\t\t\t\t\t\t\t<\/div>\n\t\t\t\t<\/div>\n\t\t\t\t<div class=\"elementor-element elementor-element-582bcd8d elementor-align-left elementor-invisible elementor-widget elementor-widget-button\" data-id=\"582bcd8d\" data-element_type=\"widget\" data-settings=\"{&quot;_animation&quot;:&quot;fadeIn&quot;,&quot;_animation_delay&quot;:450}\" data-widget_type=\"button.default\">\n\t\t\t\t<div class=\"elementor-widget-container\">\n\t\t\t\t\t\t\t\t\t<div class=\"elementor-button-wrapper\">\n\t\t\t\t\t<a class=\"elementor-button elementor-button-link elementor-size-sm\" href=\"https:\/\/oriabizi.eus\/fr\/oria-bizi\/\">\n\t\t\t\t\t\t<span class=\"elementor-button-content-wrapper\">\n\t\t\t\t\t\t\t\t\t<span class=\"elementor-button-text\">\u00c0 propos de nous<\/span>\n\t\t\t\t\t<\/span>\n\t\t\t\t\t<\/a>\n\t\t\t\t<\/div>\n\t\t\t\t\t\t\t\t<\/div>\n\t\t\t\t<\/div>\n\t\t\t\t\t<\/div>\n\t\t<\/div>\n\t\t\t\t<div class=\"elementor-column elementor-col-50 elementor-top-column elementor-element elementor-element-789d36df\" data-id=\"789d36df\" data-element_type=\"column\">\n\t\t\t<div class=\"elementor-widget-wrap\">\n\t\t\t\t\t\t\t<\/div>\n\t\t<\/div>\n\t\t\t\t\t<\/div>\n\t\t<\/section>\n\t\t\t\t<section class=\"elementor-section elementor-top-section elementor-element elementor-element-65918b12 elementor-section-boxed elementor-section-height-default elementor-section-height-default\" data-id=\"65918b12\" data-element_type=\"section\" data-settings=\"{&quot;background_background&quot;:&quot;classic&quot;}\">\n\t\t\t\t\t\t\t<div class=\"elementor-background-overlay\"><\/div>\n\t\t\t\t\t\t\t<div class=\"elementor-container elementor-column-gap-custom\">\n\t\t\t\t\t<div class=\"elementor-column elementor-col-50 elementor-top-column elementor-element elementor-element-54d98834\" data-id=\"54d98834\" data-element_type=\"column\">\n\t\t\t<div class=\"elementor-widget-wrap elementor-element-populated\">\n\t\t\t\t\t\t<section class=\"elementor-section elementor-inner-section elementor-element elementor-element-439ac029 elementor-section-boxed elementor-section-height-default elementor-section-height-default\" data-id=\"439ac029\" data-element_type=\"section\">\n\t\t\t\t\t\t<div class=\"elementor-container elementor-column-gap-no\">\n\t\t\t\t\t<div class=\"elementor-column elementor-col-33 elementor-inner-column elementor-element elementor-element-3f1dccae\" data-id=\"3f1dccae\" data-element_type=\"column\">\n\t\t\t<div class=\"elementor-widget-wrap elementor-element-populated\">\n\t\t\t\t\t\t<div class=\"elementor-element elementor-element-419a819b elementor-invisible elementor-widget elementor-widget-image\" data-id=\"419a819b\" data-element_type=\"widget\" data-settings=\"{&quot;_animation&quot;:&quot;fadeInLeft&quot;,&quot;_animation_delay&quot;:350}\" data-widget_type=\"image.default\">\n\t\t\t\t<div class=\"elementor-widget-container\">\n\t\t\t\t\t\t\t\t\t\t\t\t\t\t\t<img fetchpriority=\"high\" decoding=\"async\" width=\"197\" height=\"268\" src=\"https:\/\/oriabizi.eus\/wp-content\/uploads\/2025\/03\/Rectangle-18.webp\" class=\"elementor-animation-bob attachment-full size-full wp-image-131\" alt=\"\" \/>\t\t\t\t\t\t\t\t\t\t\t\t\t\t\t<\/div>\n\t\t\t\t<\/div>\n\t\t\t\t\t<\/div>\n\t\t<\/div>\n\t\t\t\t<div class=\"elementor-column elementor-col-33 elementor-inner-column elementor-element elementor-element-6bd2f501\" data-id=\"6bd2f501\" data-element_type=\"column\">\n\t\t\t<div class=\"elementor-widget-wrap elementor-element-populated\">\n\t\t\t\t\t\t<div class=\"elementor-element elementor-element-37ab6ec1 elementor-invisible elementor-widget elementor-widget-image\" data-id=\"37ab6ec1\" data-element_type=\"widget\" data-settings=\"{&quot;_animation&quot;:&quot;fadeIn&quot;,&quot;_animation_delay&quot;:400}\" data-widget_type=\"image.default\">\n\t\t\t\t<div class=\"elementor-widget-container\">\n\t\t\t\t\t\t\t\t\t\t\t\t\t\t\t<img decoding=\"async\" width=\"371\" height=\"571\" src=\"https:\/\/oriabizi.eus\/wp-content\/uploads\/2025\/03\/Rectangle-17.webp\" class=\"attachment-full size-full wp-image-129\" alt=\"\" srcset=\"https:\/\/oriabizi.eus\/wp-content\/uploads\/2025\/03\/Rectangle-17.webp 371w, https:\/\/oriabizi.eus\/wp-content\/uploads\/2025\/03\/Rectangle-17-195x300.webp 195w\" sizes=\"(max-width: 371px) 100vw, 371px\" \/>\t\t\t\t\t\t\t\t\t\t\t\t\t\t\t<\/div>\n\t\t\t\t<\/div>\n\t\t\t\t\t<\/div>\n\t\t<\/div>\n\t\t\t\t<div class=\"elementor-column elementor-col-33 elementor-inner-column elementor-element elementor-element-32a77079\" data-id=\"32a77079\" data-element_type=\"column\">\n\t\t\t<div class=\"elementor-widget-wrap elementor-element-populated\">\n\t\t\t\t\t\t<div class=\"elementor-element elementor-element-41f30393 elementor-invisible elementor-widget elementor-widget-image\" data-id=\"41f30393\" data-element_type=\"widget\" data-settings=\"{&quot;_animation&quot;:&quot;fadeInRight&quot;,&quot;_animation_delay&quot;:450}\" data-widget_type=\"image.default\">\n\t\t\t\t<div class=\"elementor-widget-container\">\n\t\t\t\t\t\t\t\t\t\t\t\t\t\t\t<img decoding=\"async\" width=\"197\" height=\"268\" src=\"https:\/\/oriabizi.eus\/wp-content\/uploads\/2025\/03\/Rectangle-19.webp\" class=\"elementor-animation-bob attachment-full size-full wp-image-130\" alt=\"\" \/>\t\t\t\t\t\t\t\t\t\t\t\t\t\t\t<\/div>\n\t\t\t\t<\/div>\n\t\t\t\t\t<\/div>\n\t\t<\/div>\n\t\t\t\t\t<\/div>\n\t\t<\/section>\n\t\t\t\t\t<\/div>\n\t\t<\/div>\n\t\t\t\t<div class=\"elementor-column elementor-col-50 elementor-top-column elementor-element elementor-element-2b66ab21\" data-id=\"2b66ab21\" data-element_type=\"column\">\n\t\t\t<div class=\"elementor-widget-wrap elementor-element-populated\">\n\t\t\t\t\t\t<div class=\"elementor-element elementor-element-12403acd elementor-invisible elementor-widget elementor-widget-heading\" data-id=\"12403acd\" data-element_type=\"widget\" data-settings=\"{&quot;_animation&quot;:&quot;slideInDown&quot;,&quot;_animation_delay&quot;:500}\" data-widget_type=\"heading.default\">\n\t\t\t\t<div class=\"elementor-widget-container\">\n\t\t\t\t\t<h1 class=\"elementor-heading-title elementor-size-default\">Pour les plus de 18 ans, pas de limite d'\u00e2ge<\/h1>\t\t\t\t<\/div>\n\t\t\t\t<\/div>\n\t\t\t\t<div class=\"elementor-element elementor-element-2204122e elementor-invisible elementor-widget elementor-widget-text-editor\" data-id=\"2204122e\" data-element_type=\"widget\" data-settings=\"{&quot;_animation&quot;:&quot;slideInDown&quot;,&quot;_animation_delay&quot;:550}\" data-widget_type=\"text-editor.default\">\n\t\t\t\t<div class=\"elementor-widget-container\">\n\t\t\t\t\t\t\t\t\t<p><span style=\"font-weight: 400;\">Oria Bizi propose a travers un syst\u00e8me d'adh\u00e9sion la practique saine et non comp\u00e9titive de l'aviron.<\/span><\/p>\t\t\t\t\t\t\t\t<\/div>\n\t\t\t\t<\/div>\n\t\t\t\t<div class=\"elementor-element elementor-element-3a4042fa elementor-align-left elementor-invisible elementor-widget elementor-widget-button\" data-id=\"3a4042fa\" data-element_type=\"widget\" data-settings=\"{&quot;_animation&quot;:&quot;slideInDown&quot;,&quot;_animation_delay&quot;:600}\" data-widget_type=\"button.default\">\n\t\t\t\t<div class=\"elementor-widget-container\">\n\t\t\t\t\t\t\t\t\t<div class=\"elementor-button-wrapper\">\n\t\t\t\t\t<a class=\"elementor-button elementor-button-link elementor-size-sm\" href=\"https:\/\/oriabizi.eus\/fr\/jarduerak\/\">\n\t\t\t\t\t\t<span class=\"elementor-button-content-wrapper\">\n\t\t\t\t\t\t\t\t\t<span class=\"elementor-button-text\">Activit\u00e9s<\/span>\n\t\t\t\t\t<\/span>\n\t\t\t\t\t<\/a>\n\t\t\t\t<\/div>\n\t\t\t\t\t\t\t\t<\/div>\n\t\t\t\t<\/div>\n\t\t\t\t\t<\/div>\n\t\t<\/div>\n\t\t\t\t\t<\/div>\n\t\t<\/section>\n\t\t<div class=\"elementor-element elementor-element-fdaef17 e-con-full e-flex e-con e-parent\" data-id=\"fdaef17\" data-element_type=\"container\" data-settings=\"{&quot;background_background&quot;:&quot;classic&quot;}\">\n\t\t<div class=\"elementor-element elementor-element-79ebf84 e-con-full e-flex e-con e-child\" data-id=\"79ebf84\" data-element_type=\"container\">\n\t\t\t\t<div class=\"elementor-element elementor-element-51603fa elementor-invisible elementor-widget elementor-widget-heading\" data-id=\"51603fa\" data-element_type=\"widget\" data-settings=\"{&quot;_animation&quot;:&quot;fadeIn&quot;,&quot;_animation_delay&quot;:350}\" data-widget_type=\"heading.default\">\n\t\t\t\t<div class=\"elementor-widget-container\">\n\t\t\t\t\t<h2 class=\"elementor-heading-title elementor-size-default\">Devenez membre de Oria Bizi Ongizate Elkartea\n<\/h2>\t\t\t\t<\/div>\n\t\t\t\t<\/div>\n\t\t\t\t<div class=\"elementor-element elementor-element-e2f8119 elementor-invisible elementor-widget elementor-widget-text-editor\" data-id=\"e2f8119\" data-element_type=\"widget\" data-settings=\"{&quot;_animation&quot;:&quot;fadeIn&quot;,&quot;_animation_delay&quot;:400}\" data-widget_type=\"text-editor.default\">\n\t\t\t\t<div class=\"elementor-widget-container\">\n\t\t\t\t\t\t\t\t\t<p><span style=\"font-weight: 400;\">Si vous souhaitez participer aux activites organis\u00e9es, veuillez remplir le formulaire d\u2019inscription suivant.<\/span><\/p>\t\t\t\t\t\t\t\t<\/div>\n\t\t\t\t<\/div>\n\t\t\t\t<div class=\"elementor-element elementor-element-4b2d71f elementor-align-center elementor-invisible elementor-widget elementor-widget-button\" data-id=\"4b2d71f\" data-element_type=\"widget\" data-settings=\"{&quot;_animation&quot;:&quot;fadeIn&quot;,&quot;_animation_delay&quot;:450}\" data-widget_type=\"button.default\">\n\t\t\t\t<div class=\"elementor-widget-container\">\n\t\t\t\t\t\t\t\t\t<div class=\"elementor-button-wrapper\">\n\t\t\t\t\t<a class=\"elementor-button elementor-button-link elementor-size-sm\" href=\"https:\/\/docs.google.com\/forms\/d\/e\/1FAIpQLScBs_zXLjXI86gaFxJom9xwzZQgQ7zWnn77CRMP5IXQfGv5hQ\/viewform\">\n\t\t\t\t\t\t<span class=\"elementor-button-content-wrapper\">\n\t\t\t\t\t\t\t\t\t<span class=\"elementor-button-text\">Registre<\/span>\n\t\t\t\t\t<\/span>\n\t\t\t\t\t<\/a>\n\t\t\t\t<\/div>\n\t\t\t\t\t\t\t\t<\/div>\n\t\t\t\t<\/div>\n\t\t\t\t<\/div>\n\t\t<a class=\"elementor-element elementor-element-ab381ef e-con-full e-flex e-con e-child\" data-id=\"ab381ef\" data-element_type=\"container\" data-settings=\"{&quot;position&quot;:&quot;absolute&quot;}\" href=\"https:\/\/docs.google.com\/forms\/d\/e\/1FAIpQLScBs_zXLjXI86gaFxJom9xwzZQgQ7zWnn77CRMP5IXQfGv5hQ\/viewform\">\n\t\t\t\t<\/a>\n\t\t\t\t<\/div>\n\t\t<div class=\"elementor-element elementor-element-a333146 e-flex e-con-boxed e-con e-parent\" data-id=\"a333146\" data-element_type=\"container\" data-settings=\"{&quot;background_background&quot;:&quot;classic&quot;}\">\n\t\t\t\t\t<div class=\"e-con-inner\">\n\t\t<div class=\"elementor-element elementor-element-2a2fd8b e-con-full e-flex e-con e-child\" data-id=\"2a2fd8b\" data-element_type=\"container\">\n\t\t\t\t<div class=\"elementor-element elementor-element-355cd57 elementor-invisible elementor-widget elementor-widget-heading\" data-id=\"355cd57\" data-element_type=\"widget\" data-settings=\"{&quot;_animation&quot;:&quot;fadeInLeft&quot;,&quot;_animation_delay&quot;:350}\" data-widget_type=\"heading.default\">\n\t\t\t\t<div class=\"elementor-widget-container\">\n\t\t\t\t\t<h1 class=\"elementor-heading-title elementor-size-default\">Contact<\/h1>\t\t\t\t<\/div>\n\t\t\t\t<\/div>\n\t\t\t\t<div class=\"elementor-element elementor-element-244ca07 elementor-invisible elementor-widget elementor-widget-text-editor\" data-id=\"244ca07\" data-element_type=\"widget\" data-settings=\"{&quot;_animation&quot;:&quot;fadeInLeft&quot;,&quot;_animation_delay&quot;:400}\" data-widget_type=\"text-editor.default\">\n\t\t\t\t<div class=\"elementor-widget-container\">\n\t\t\t\t\t\t\t\t\t<p><span style=\"font-weight: 400;\">N\u2019h\u00e9sitez pas \u00e0 nous contacter si vous avez des questions ou des suggestions.<\/span><\/p>\t\t\t\t\t\t\t\t<\/div>\n\t\t\t\t<\/div>\n\t\t\t\t<div class=\"elementor-element elementor-element-be85b55 elementor-align-left elementor-invisible elementor-widget elementor-widget-button\" data-id=\"be85b55\" data-element_type=\"widget\" data-settings=\"{&quot;_animation&quot;:&quot;fadeInLeft&quot;,&quot;_animation_delay&quot;:450}\" data-widget_type=\"button.default\">\n\t\t\t\t<div class=\"elementor-widget-container\">\n\t\t\t\t\t\t\t\t\t<div class=\"elementor-button-wrapper\">\n\t\t\t\t\t<a class=\"elementor-button elementor-button-link elementor-size-sm\" href=\"https:\/\/oriabizi.eus\/fr\/kontaktua\/\">\n\t\t\t\t\t\t<span class=\"elementor-button-content-wrapper\">\n\t\t\t\t\t\t\t\t\t<span class=\"elementor-button-text\">Contact<\/span>\n\t\t\t\t\t<\/span>\n\t\t\t\t\t<\/a>\n\t\t\t\t<\/div>\n\t\t\t\t\t\t\t\t<\/div>\n\t\t\t\t<\/div>\n\t\t\t\t<\/div>\n\t\t<div class=\"elementor-element elementor-element-d9fb1c8 e-con-full e-flex e-con e-child\" data-id=\"d9fb1c8\" data-element_type=\"container\">\n\t\t\t\t<div class=\"elementor-element elementor-element-92da21e elementor-invisible elementor-widget elementor-widget-image\" data-id=\"92da21e\" data-element_type=\"widget\" data-settings=\"{&quot;motion_fx_motion_fx_mouse&quot;:&quot;yes&quot;,&quot;motion_fx_tilt_effect&quot;:&quot;yes&quot;,&quot;_animation&quot;:&quot;fadeIn&quot;,&quot;_animation_delay&quot;:500,&quot;motion_fx_tilt_speed&quot;:{&quot;unit&quot;:&quot;px&quot;,&quot;size&quot;:4,&quot;sizes&quot;:[]}}\" data-widget_type=\"image.default\">\n\t\t\t\t<div class=\"elementor-widget-container\">\n\t\t\t\t\t\t\t\t\t\t\t\t\t\t\t<img loading=\"lazy\" decoding=\"async\" width=\"269\" height=\"402\" src=\"https:\/\/oriabizi.eus\/wp-content\/uploads\/2025\/03\/Rectangle-22.webp\" class=\"attachment-full size-full wp-image-153\" alt=\"\" srcset=\"https:\/\/oriabizi.eus\/wp-content\/uploads\/2025\/03\/Rectangle-22.webp 269w, https:\/\/oriabizi.eus\/wp-content\/uploads\/2025\/03\/Rectangle-22-201x300.webp 201w\" sizes=\"(max-width: 269px) 100vw, 269px\" \/>\t\t\t\t\t\t\t\t\t\t\t\t\t\t\t<\/div>\n\t\t\t\t<\/div>\n\t\t\t\t<div class=\"elementor-element elementor-element-b47915f elementor-invisible elementor-widget elementor-widget-image\" data-id=\"b47915f\" data-element_type=\"widget\" data-settings=\"{&quot;motion_fx_motion_fx_mouse&quot;:&quot;yes&quot;,&quot;motion_fx_tilt_effect&quot;:&quot;yes&quot;,&quot;motion_fx_tilt_direction&quot;:&quot;negative&quot;,&quot;_animation&quot;:&quot;fadeIn&quot;,&quot;_animation_delay&quot;:550,&quot;motion_fx_tilt_speed&quot;:{&quot;unit&quot;:&quot;px&quot;,&quot;size&quot;:4,&quot;sizes&quot;:[]}}\" data-widget_type=\"image.default\">\n\t\t\t\t<div class=\"elementor-widget-container\">\n\t\t\t\t\t\t\t\t\t\t\t\t\t\t\t<img loading=\"lazy\" decoding=\"async\" width=\"269\" height=\"402\" src=\"https:\/\/oriabizi.eus\/wp-content\/uploads\/2025\/03\/Rectangle-23.webp\" class=\"attachment-full size-full wp-image-154\" alt=\"\" srcset=\"https:\/\/oriabizi.eus\/wp-content\/uploads\/2025\/03\/Rectangle-23.webp 269w, https:\/\/oriabizi.eus\/wp-content\/uploads\/2025\/03\/Rectangle-23-201x300.webp 201w\" sizes=\"(max-width: 269px) 100vw, 269px\" \/>\t\t\t\t\t\t\t\t\t\t\t\t\t\t\t<\/div>\n\t\t\t\t<\/div>\n\t\t\t\t<\/div>\n\t\t\t\t\t<\/div>\n\t\t\t\t<\/div>\n\t\t\t\t<\/div>","protected":false},"excerpt":{"rendered":"<p>Oria Bizi Ongizate Elkartea Kirol jarduera ez lehiakorraren bidez, herritarren ongizatea eta garapen pertsonala sustatzea da helburua. Nor gara 18 urtetik gorako guztientzako Oria Bizik bazkidetza sistema baten bidez, arrauna modu osasungarri eta ez lehiakorrean praktikatzea eskaintzen du. Jarduerak Egin zaitez Oria Bizi Ongizate Elkarteko bazkide Antolatzen diren saioetan parte hartu nahi dutenek, jarraian dagoen [&hellip;]<\/p>","protected":false},"author":2,"featured_media":0,"parent":0,"menu_order":0,"comment_status":"closed","ping_status":"closed","template":"elementor_header_footer","meta":{"footnotes":""},"class_list":["post-79","page","type-page","status-publish","hentry"],"yoast_head":"<!-- This site is optimized with the Yoast SEO plugin v24.9 - https:\/\/yoast.com\/wordpress\/plugins\/seo\/ -->\n<title>Hasiera - Oriabizi<\/title>\n<meta name=\"robots\" content=\"index, follow, max-snippet:-1, max-image-preview:large, max-video-preview:-1\" \/>\n<link rel=\"canonical\" href=\"https:\/\/oriabizi.eus\/fr\/\" \/>\n<meta property=\"og:locale\" content=\"fr_FR\" \/>\n<meta property=\"og:type\" content=\"article\" \/>\n<meta property=\"og:title\" content=\"Hasiera - Oriabizi\" \/>\n<meta property=\"og:description\" content=\"Oria Bizi Ongizate Elkartea Kirol jarduera ez lehiakorraren bidez, herritarren ongizatea eta garapen pertsonala sustatzea da helburua. Nor gara 18 urtetik gorako guztientzako Oria Bizik bazkidetza sistema baten bidez, arrauna modu osasungarri eta ez lehiakorrean praktikatzea eskaintzen du. Jarduerak Egin zaitez Oria Bizi Ongizate Elkarteko bazkide Antolatzen diren saioetan parte hartu nahi dutenek, jarraian dagoen [&hellip;]\" \/>\n<meta property=\"og:url\" content=\"https:\/\/oriabizi.eus\/fr\/\" \/>\n<meta property=\"og:site_name\" content=\"Oriabizi\" \/>\n<meta property=\"article:modified_time\" content=\"2025-04-21T18:55:02+00:00\" \/>\n<meta property=\"og:image\" content=\"https:\/\/oriabizi.eus\/wp-content\/uploads\/2025\/03\/Rectangle-18.webp\" \/>\n\t<meta property=\"og:image:width\" content=\"197\" \/>\n\t<meta property=\"og:image:height\" content=\"268\" \/>\n\t<meta property=\"og:image:type\" content=\"image\/webp\" \/>\n<meta name=\"twitter:card\" content=\"summary_large_image\" \/>\n<script type=\"application\/ld+json\" class=\"yoast-schema-graph\">{\"@context\":\"https:\/\/schema.org\",\"@graph\":[{\"@type\":\"WebPage\",\"@id\":\"https:\/\/oriabizi.eus\/\",\"url\":\"https:\/\/oriabizi.eus\/\",\"name\":\"Hasiera - Oriabizi\",\"isPartOf\":{\"@id\":\"https:\/\/oriabizi.eus\/#website\"},\"primaryImageOfPage\":{\"@id\":\"https:\/\/oriabizi.eus\/#primaryimage\"},\"image\":{\"@id\":\"https:\/\/oriabizi.eus\/#primaryimage\"},\"thumbnailUrl\":\"https:\/\/oriabizi.eus\/wp-content\/uploads\/2025\/03\/Rectangle-18.webp\",\"datePublished\":\"2025-03-04T17:50:17+00:00\",\"dateModified\":\"2025-04-21T18:55:02+00:00\",\"breadcrumb\":{\"@id\":\"https:\/\/oriabizi.eus\/#breadcrumb\"},\"inLanguage\":\"fr-FR\",\"potentialAction\":[{\"@type\":\"ReadAction\",\"target\":[\"https:\/\/oriabizi.eus\/\"]}]},{\"@type\":\"ImageObject\",\"inLanguage\":\"fr-FR\",\"@id\":\"https:\/\/oriabizi.eus\/#primaryimage\",\"url\":\"https:\/\/oriabizi.eus\/wp-content\/uploads\/2025\/03\/Rectangle-18.webp\",\"contentUrl\":\"https:\/\/oriabizi.eus\/wp-content\/uploads\/2025\/03\/Rectangle-18.webp\"},{\"@type\":\"BreadcrumbList\",\"@id\":\"https:\/\/oriabizi.eus\/#breadcrumb\",\"itemListElement\":[{\"@type\":\"ListItem\",\"position\":1,\"name\":\"Portada\",\"item\":\"https:\/\/oriabizi.eus\/\"},{\"@type\":\"ListItem\",\"position\":2,\"name\":\"Hasiera\"}]},{\"@type\":\"WebSite\",\"@id\":\"https:\/\/oriabizi.eus\/#website\",\"url\":\"https:\/\/oriabizi.eus\/\",\"name\":\"Oriabizi\",\"description\":\"\",\"publisher\":{\"@id\":\"https:\/\/oriabizi.eus\/#organization\"},\"potentialAction\":[{\"@type\":\"SearchAction\",\"target\":{\"@type\":\"EntryPoint\",\"urlTemplate\":\"https:\/\/oriabizi.eus\/?s={search_term_string}\"},\"query-input\":{\"@type\":\"PropertyValueSpecification\",\"valueRequired\":true,\"valueName\":\"search_term_string\"}}],\"inLanguage\":\"fr-FR\"},{\"@type\":\"Organization\",\"@id\":\"https:\/\/oriabizi.eus\/#organization\",\"name\":\"Oriabizi\",\"url\":\"https:\/\/oriabizi.eus\/\",\"logo\":{\"@type\":\"ImageObject\",\"inLanguage\":\"fr-FR\",\"@id\":\"https:\/\/oriabizi.eus\/#\/schema\/logo\/image\/\",\"url\":\"https:\/\/oriabizi.eus\/wp-content\/uploads\/2025\/03\/Capa_1.svg\",\"contentUrl\":\"https:\/\/oriabizi.eus\/wp-content\/uploads\/2025\/03\/Capa_1.svg\",\"width\":167,\"height\":35,\"caption\":\"Oriabizi\"},\"image\":{\"@id\":\"https:\/\/oriabizi.eus\/#\/schema\/logo\/image\/\"}}]}<\/script>\n<!-- \/ Yoast SEO plugin. -->","yoast_head_json":{"title":"Hasiera - Oriabizi","robots":{"index":"index","follow":"follow","max-snippet":"max-snippet:-1","max-image-preview":"max-image-preview:large","max-video-preview":"max-video-preview:-1"},"canonical":"https:\/\/oriabizi.eus\/fr\/","og_locale":"fr_FR","og_type":"article","og_title":"Hasiera - Oriabizi","og_description":"Oria Bizi Ongizate Elkartea Kirol jarduera ez lehiakorraren bidez, herritarren ongizatea eta garapen pertsonala sustatzea da helburua. Nor gara 18 urtetik gorako guztientzako Oria Bizik bazkidetza sistema baten bidez, arrauna modu osasungarri eta ez lehiakorrean praktikatzea eskaintzen du. Jarduerak Egin zaitez Oria Bizi Ongizate Elkarteko bazkide Antolatzen diren saioetan parte hartu nahi dutenek, jarraian dagoen [&hellip;]","og_url":"https:\/\/oriabizi.eus\/fr\/","og_site_name":"Oriabizi","article_modified_time":"2025-04-21T18:55:02+00:00","og_image":[{"width":197,"height":268,"url":"https:\/\/oriabizi.eus\/wp-content\/uploads\/2025\/03\/Rectangle-18.webp","type":"image\/webp"}],"twitter_card":"summary_large_image","schema":{"@context":"https:\/\/schema.org","@graph":[{"@type":"WebPage","@id":"https:\/\/oriabizi.eus\/","url":"https:\/\/oriabizi.eus\/","name":"Hasiera - Oriabizi","isPartOf":{"@id":"https:\/\/oriabizi.eus\/#website"},"primaryImageOfPage":{"@id":"https:\/\/oriabizi.eus\/#primaryimage"},"image":{"@id":"https:\/\/oriabizi.eus\/#primaryimage"},"thumbnailUrl":"https:\/\/oriabizi.eus\/wp-content\/uploads\/2025\/03\/Rectangle-18.webp","datePublished":"2025-03-04T17:50:17+00:00","dateModified":"2025-04-21T18:55:02+00:00","breadcrumb":{"@id":"https:\/\/oriabizi.eus\/#breadcrumb"},"inLanguage":"fr-FR","potentialAction":[{"@type":"ReadAction","target":["https:\/\/oriabizi.eus\/"]}]},{"@type":"ImageObject","inLanguage":"fr-FR","@id":"https:\/\/oriabizi.eus\/#primaryimage","url":"https:\/\/oriabizi.eus\/wp-content\/uploads\/2025\/03\/Rectangle-18.webp","contentUrl":"https:\/\/oriabizi.eus\/wp-content\/uploads\/2025\/03\/Rectangle-18.webp"},{"@type":"BreadcrumbList","@id":"https:\/\/oriabizi.eus\/#breadcrumb","itemListElement":[{"@type":"ListItem","position":1,"name":"Portada","item":"https:\/\/oriabizi.eus\/"},{"@type":"ListItem","position":2,"name":"Hasiera"}]},{"@type":"WebSite","@id":"https:\/\/oriabizi.eus\/#website","url":"https:\/\/oriabizi.eus\/","name":"Oriabizi","description":"","publisher":{"@id":"https:\/\/oriabizi.eus\/#organization"},"potentialAction":[{"@type":"SearchAction","target":{"@type":"EntryPoint","urlTemplate":"https:\/\/oriabizi.eus\/?s={search_term_string}"},"query-input":{"@type":"PropertyValueSpecification","valueRequired":true,"valueName":"search_term_string"}}],"inLanguage":"fr-FR"},{"@type":"Organization","@id":"https:\/\/oriabizi.eus\/#organization","name":"Oriabizi","url":"https:\/\/oriabizi.eus\/","logo":{"@type":"ImageObject","inLanguage":"fr-FR","@id":"https:\/\/oriabizi.eus\/#\/schema\/logo\/image\/","url":"https:\/\/oriabizi.eus\/wp-content\/uploads\/2025\/03\/Capa_1.svg","contentUrl":"https:\/\/oriabizi.eus\/wp-content\/uploads\/2025\/03\/Capa_1.svg","width":167,"height":35,"caption":"Oriabizi"},"image":{"@id":"https:\/\/oriabizi.eus\/#\/schema\/logo\/image\/"}}]}},"_links":{"self":[{"href":"https:\/\/oriabizi.eus\/fr\/wp-json\/wp\/v2\/pages\/79","targetHints":{"allow":["GET"]}}],"collection":[{"href":"https:\/\/oriabizi.eus\/fr\/wp-json\/wp\/v2\/pages"}],"about":[{"href":"https:\/\/oriabizi.eus\/fr\/wp-json\/wp\/v2\/types\/page"}],"author":[{"embeddable":true,"href":"https:\/\/oriabizi.eus\/fr\/wp-json\/wp\/v2\/users\/2"}],"replies":[{"embeddable":true,"href":"https:\/\/oriabizi.eus\/fr\/wp-json\/wp\/v2\/comments?post=79"}],"version-history":[{"count":170,"href":"https:\/\/oriabizi.eus\/fr\/wp-json\/wp\/v2\/pages\/79\/revisions"}],"predecessor-version":[{"id":916,"href":"https:\/\/oriabizi.eus\/fr\/wp-json\/wp\/v2\/pages\/79\/revisions\/916"}],"wp:attachment":[{"href":"https:\/\/oriabizi.eus\/fr\/wp-json\/wp\/v2\/media?parent=79"}],"curies":[{"name":"wp","href":"https:\/\/api.w.org\/{rel}","templated":true}]}}